{"id":519,"date":"2016-03-14T12:13:37","date_gmt":"2016-03-14T12:13:37","guid":{"rendered":"https:\/\/www.greenandgoldenglish.es\/lp\/?page_id=519"},"modified":"2018-03-21T10:08:46","modified_gmt":"2018-03-21T10:08:46","slug":"cursos_en_el_extranjero","status":"publish","type":"page","link":"https:\/\/www.greenandgoldenglish.es\/lp\/","title":{"rendered":"."},"content":{"rendered":"<p>[et_pb_section bb_built=\u00bb1&#8243; fullwidth=\u00bbon\u00bb specialty=\u00bboff\u00bb][et_pb_fullwidth_header title=\u00bbDale alas a tu ingl\u00e9s\u00bb background_layout=\u00bblight\u00bb text_orientation=\u00bbcenter\u00bb header_fullscreen=\u00bboff\u00bb header_scroll_down=\u00bboff\u00bb content_orientation=\u00bbcenter\u00bb image_orientation=\u00bbcenter\u00bb custom_button_one=\u00bboff\u00bb button_one_icon_placement=\u00bbright\u00bb custom_button_two=\u00bboff\u00bb button_two_icon_placement=\u00bbright\u00bb title_font_size=\u00bb45px\u00bb _builder_version=\u00bb3.0.99&#8243; max_width_tablet=\u00bb50px\u00bb \/][\/et_pb_section][et_pb_section bb_built=\u00bb1&#8243; fullwidth=\u00bboff\u00bb specialty=\u00bboff\u00bb background_image=\u00bbhttps:\/\/www.greenandgoldenglish.es\/wp-content\/uploads\/2015\/12\/20150718_152130.jpg\u00bb transparent_background=\u00bboff\u00bb allow_player_pause=\u00bboff\u00bb inner_shadow=\u00bboff\u00bb parallax=\u00bbon\u00bb parallax_method=\u00bboff\u00bb padding_mobile=\u00bboff\u00bb make_fullwidth=\u00bboff\u00bb use_custom_width=\u00bboff\u00bb width_unit=\u00bbon\u00bb make_equal=\u00bboff\u00bb use_custom_gutter=\u00bboff\u00bb gutter_width=\u00bb3&#8243; custom_padding=\u00bb200px||300px|\u00bb custom_padding_tablet=\u00bb50px|0|50px|0&#8243; custom_padding_last_edited=\u00bbon|desktop\u00bb][et_pb_row background_position=\u00bbtop_left\u00bb background_repeat=\u00bbrepeat\u00bb background_size=\u00bbinitial\u00bb][et_pb_column type=\u00bb4_4&#8243;][\/et_pb_column][\/et_pb_row][\/et_pb_section][et_pb_section bb_built=\u00bb1&#8243; fullwidth=\u00bboff\u00bb specialty=\u00bboff\u00bb][et_pb_row][et_pb_column type=\u00bb4_4&#8243;][et_pb_text _builder_version=\u00bb3.0.99&#8243; background_layout=\u00bblight\u00bb]<\/p>\n<p><strong>Green and Gold English<\/strong>\u00a0es un centro de idiomas con una academia de ingl\u00e9s en Elche desde 1994. Nuestro cursos est\u00e1n dirigidos a proporcionar la motivaci\u00f3n necesaria para que el aprendizaje del idioma sea divertido y estimulante a la vez, enfatizando en las habilidades comunicativas. Adem\u00e1s de todo esto,\u00a0tenemos el sello de la\u00a0<strong>Universidad de Cambridge<\/strong>\u00a0que nos autoriza como\u00a0<strong>centro preparador para sus ex\u00e1menes,\u00a0<\/strong>logro que hemos conseguido gracias a un porcentaje de aprobados del 99.9%.<\/p>\n<p>Por otro lado, creemos que la mejor manera de perfeccionar un idioma es vivirlo en el pa\u00eds donde se habla. Por ello ofrecemos\u00a0<strong>cursos en Irlanda y Australia<\/strong>, ya confeccionados o bien a medida dependiendo de las necesidades del estudiante.<\/p>\n<p>[\/et_pb_text][\/et_pb_column][\/et_pb_row][\/et_pb_section][et_pb_section bb_built=\u00bb1&#8243; fullwidth=\u00bbon\u00bb specialty=\u00bboff\u00bb][et_pb_fullwidth_header title=\u00bbDurante el mes de julio, Green and Gold English pone rumbo a Derry, Irlanda del Norte\u00bb background_layout=\u00bblight\u00bb text_orientation=\u00bbcenter\u00bb header_fullscreen=\u00bboff\u00bb header_scroll_down=\u00bboff\u00bb content_orientation=\u00bbcenter\u00bb image_orientation=\u00bbcenter\u00bb custom_button_one=\u00bboff\u00bb button_one_icon_placement=\u00bbright\u00bb custom_button_two=\u00bboff\u00bb button_two_icon_placement=\u00bbright\u00bb _builder_version=\u00bb3.0.99&#8243; max_width_tablet=\u00bb50px\u00bb \/][\/et_pb_section][et_pb_section bb_built=\u00bb1&#8243; fullwidth=\u00bboff\u00bb specialty=\u00bboff\u00bb transparent_background=\u00bboff\u00bb background_video_mp4=\u00bbhttps:\/\/www.greenandgoldenglish.es\/wp-content\/uploads\/2016\/03\/PIF8D9.mp4&#8243; background_video_webm=\u00bbhttps:\/\/www.greenandgoldenglish.es\/wp-content\/uploads\/2016\/03\/v_deo_vuelo_.webm\u00bb allow_player_pause=\u00bboff\u00bb inner_shadow=\u00bboff\u00bb parallax=\u00bboff\u00bb parallax_method=\u00bboff\u00bb custom_padding=\u00bb180px||180px|\u00bb padding_mobile=\u00bboff\u00bb make_fullwidth=\u00bboff\u00bb use_custom_width=\u00bboff\u00bb width_unit=\u00bbon\u00bb make_equal=\u00bboff\u00bb use_custom_gutter=\u00bboff\u00bb gutter_width=\u00bb3&#8243; custom_padding_tablet=\u00bb50px|0|50px|0&#8243; custom_padding_last_edited=\u00bbon|desktop\u00bb][et_pb_row background_position=\u00bbtop_left\u00bb background_repeat=\u00bbrepeat\u00bb background_size=\u00bbinitial\u00bb][\/et_pb_row][\/et_pb_section][et_pb_section bb_built=\u00bb1&#8243; fullwidth=\u00bboff\u00bb specialty=\u00bboff\u00bb transparent_background=\u00bboff\u00bb allow_player_pause=\u00bboff\u00bb inner_shadow=\u00bboff\u00bb parallax=\u00bboff\u00bb parallax_method=\u00bboff\u00bb custom_padding=\u00bb||0px|\u00bb padding_mobile=\u00bboff\u00bb make_fullwidth=\u00bboff\u00bb use_custom_width=\u00bboff\u00bb width_unit=\u00bbon\u00bb make_equal=\u00bboff\u00bb use_custom_gutter=\u00bboff\u00bb gutter_width=\u00bb3&#8243; custom_padding_tablet=\u00bb50px|0|50px|0&#8243; custom_padding_last_edited=\u00bbon|desktop\u00bb][et_pb_row background_position=\u00bbtop_left\u00bb background_repeat=\u00bbrepeat\u00bb background_size=\u00bbinitial\u00bb][et_pb_column type=\u00bb4_4&#8243;][et_pb_text background_layout=\u00bblight\u00bb text_orientation=\u00bbleft\u00bb text_font_size=\u00bb14&#8243; use_border_color=\u00bboff\u00bb border_color=\u00bb#ffffff\u00bb border_style=\u00bbsolid\u00bb custom_margin=\u00bb||0px|\u00bb custom_padding=\u00bb||0px|\u00bb background_position=\u00bbtop_left\u00bb background_repeat=\u00bbrepeat\u00bb background_size=\u00bbinitial\u00bb _builder_version=\u00bb3.0.99&#8243;]<\/p>\n<h1 style=\"text-align: center;\">\u00bfTe gustar\u00eda acompa\u00f1arnos en esta magn\u00edfica experiencia?<\/h1>\n<p>No te lo pienses y disfruta de un viaje inolvidable en el que el aprendizaje del ingl\u00e9s y los momentos \u00fanicos van de la mano. Ponemos a tu disposici\u00f3n lo 21 a\u00f1os de experiencia que nos avalan para ofrecerte las llaves que te abrir\u00e1n el mundo, el ingl\u00e9s.<\/p>\n<p><strong>\u201cEl mundo es un libro, y quienes no viajan leen s\u00f3lo una p\u00e1gina\u201d<\/strong><\/p>\n<p>[\/et_pb_text][\/et_pb_column][\/et_pb_row][\/et_pb_section][et_pb_section bb_built=\u00bb1&#8243; fullwidth=\u00bboff\u00bb specialty=\u00bboff\u00bb][et_pb_row][et_pb_column type=\u00bb1_3&#8243;][et_pb_blurb title=\u00bbSummer Course\u00bb url=\u00bbhttps:\/\/www.greenandgoldenglish.es\/lp\/summer_course\/\u00bb url_new_window=\u00bboff\u00bb use_icon=\u00bboff\u00bb icon_color=\u00bb#22d856&#8243; use_circle=\u00bboff\u00bb circle_color=\u00bb#22d856&#8243; use_circle_border=\u00bboff\u00bb circle_border_color=\u00bb#22d856&#8243; icon_placement=\u00bbtop\u00bb animation=\u00bbtop\u00bb background_layout=\u00bblight\u00bb text_orientation=\u00bbcenter\u00bb use_icon_font_size=\u00bboff\u00bb header_font_size=\u00bb18&#8243; body_font_size=\u00bb14&#8243; use_border_color=\u00bboff\u00bb border_color=\u00bb#ffffff\u00bb border_style=\u00bbsolid\u00bb image=\u00bbhttps:\/\/www.greenandgoldenglish.es\/wp-content\/uploads\/2016\/03\/Ah4L1z6alqsH0ef0ETy5YSkFft_2C4A3iU8L3G2jiZfI.jpg\u00bb background_position=\u00bbtop_left\u00bb background_repeat=\u00bbrepeat\u00bb background_size=\u00bbinitial\u00bb]<\/p>\n<p style=\"text-align: center;\">Si eres mayor de 15 a\u00f1os este es tu programa. No lo dudes inf\u00f3rmate de todo aqu\u00ed!<\/p>\n<p>[\/et_pb_blurb][\/et_pb_column][et_pb_column type=\u00bb1_3&#8243;][et_pb_blurb title=\u00bbJunior Summer\u00bb url=\u00bbhttps:\/\/www.greenandgoldenglish.es\/lp\/junior_summer\/\u00bb url_new_window=\u00bboff\u00bb use_icon=\u00bboff\u00bb icon_color=\u00bb#22d856&#8243; use_circle=\u00bboff\u00bb circle_color=\u00bb#22d856&#8243; use_circle_border=\u00bboff\u00bb circle_border_color=\u00bb#22d856&#8243; icon_placement=\u00bbtop\u00bb animation=\u00bbtop\u00bb background_layout=\u00bblight\u00bb text_orientation=\u00bbcenter\u00bb use_icon_font_size=\u00bboff\u00bb header_font_size=\u00bb18&#8243; body_font_size=\u00bb14&#8243; use_border_color=\u00bboff\u00bb border_color=\u00bb#ffffff\u00bb border_style=\u00bbsolid\u00bb image=\u00bbhttps:\/\/www.greenandgoldenglish.es\/wp-content\/uploads\/2016\/03\/ApLxRal1ltMp5HdPrQ3jYtWRuobM4ahwx8fWAudvKl4S.jpg\u00bb background_position=\u00bbtop_left\u00bb background_repeat=\u00bbrepeat\u00bb background_size=\u00bbinitial\u00bb]<\/p>\n<p>\u00bfTienes menos de 16 a\u00f1os? No te preocupes, tenemos un programa pensado especialmente para ti. Inf\u00f3rmate de todo aqu\u00ed.<\/p>\n<p>[\/et_pb_blurb][\/et_pb_column][et_pb_column type=\u00bb1_3&#8243;][et_pb_blurb title=\u00bbBecome an English Teacher\u00bb url=\u00bbhttps:\/\/www.greenandgoldenglish.es\/lp\/consigue-tu-certificado-tesol\/\u00bb url_new_window=\u00bbon\u00bb use_icon=\u00bboff\u00bb icon_color=\u00bb#22d856&#8243; use_circle=\u00bboff\u00bb circle_color=\u00bb#22d856&#8243; use_circle_border=\u00bboff\u00bb circle_border_color=\u00bb#22d856&#8243; icon_placement=\u00bbtop\u00bb background_layout=\u00bblight\u00bb text_orientation=\u00bbcenter\u00bb use_icon_font_size=\u00bboff\u00bb use_border_color=\u00bboff\u00bb image=\u00bbhttps:\/\/www.greenandgoldenglish.es\/lp\/wp-content\/uploads\/2018\/03\/Untitled-design-1.png\u00bb background_position=\u00bbtop_left\u00bb background_repeat=\u00bbrepeat\u00bb background_size=\u00bbinitial\u00bb _builder_version=\u00bb3.0.99&#8243; max_width_tablet=\u00bb50px\u00bb]<\/p>\n<p>Consigue tu t\u00edtulo internacional de profesor\/a de ingl\u00e9s en 4 semanas!<\/p>\n<p>[\/et_pb_blurb][\/et_pb_column][\/et_pb_row][\/et_pb_section]<\/p>\n","protected":false},"excerpt":{"rendered":"<p>[et_pb_section bb_built=\u00bb1&#8243; fullwidth=\u00bbon\u00bb specialty=\u00bboff\u00bb][et_pb_fullwidth_header title=\u00bbDale alas a tu ingl\u00e9s\u00bb background_layout=\u00bblight\u00bb text_orientation=\u00bbcenter\u00bb header_fullscreen=\u00bboff\u00bb header_scroll_down=\u00bboff\u00bb content_orientation=\u00bbcenter\u00bb image_orientation=\u00bbcenter\u00bb custom_button_one=\u00bboff\u00bb button_one_icon_placement=\u00bbright\u00bb custom_button_two=\u00bboff\u00bb button_two_icon_placement=\u00bbright\u00bb title_font_size=\u00bb45px\u00bb _builder_version=\u00bb3.0.99&#8243; max_width_tablet=\u00bb50px\u00bb \/][\/et_pb_section][et_pb_section bb_built=\u00bb1&#8243; fullwidth=\u00bboff\u00bb specialty=\u00bboff\u00bb background_image=\u00bbhttps:\/\/www.greenandgoldenglish.es\/wp-content\/uploads\/2015\/12\/20150718_152130.jpg\u00bb transparent_background=\u00bboff\u00bb allow_player_pause=\u00bboff\u00bb inner_shadow=\u00bboff\u00bb parallax=\u00bbon\u00bb parallax_method=\u00bboff\u00bb padding_mobile=\u00bboff\u00bb make_fullwidth=\u00bboff\u00bb use_custom_width=\u00bboff\u00bb width_unit=\u00bbon\u00bb make_equal=\u00bboff\u00bb use_custom_gutter=\u00bboff\u00bb gutter_width=\u00bb3&#8243; custom_padding=\u00bb200px||300px|\u00bb custom_padding_tablet=\u00bb50px|0|50px|0&#8243; custom_padding_last_edited=\u00bbon|desktop\u00bb][et_pb_row background_position=\u00bbtop_left\u00bb background_repeat=\u00bbrepeat\u00bb background_size=\u00bbinitial\u00bb][et_pb_column type=\u00bb4_4&#8243;][\/et_pb_column][\/et_pb_row][\/et_pb_section][et_pb_section bb_built=\u00bb1&#8243; fullwidth=\u00bboff\u00bb specialty=\u00bboff\u00bb][et_pb_row][et_pb_column type=\u00bb4_4&#8243;][et_pb_text _builder_version=\u00bb3.0.99&#8243; background_layout=\u00bblight\u00bb] Green and Gold [&hellip;]<\/p>\n","protected":false},"author":1,"featured_media":0,"parent":0,"menu_order":0,"comment_status":"closed","ping_status":"closed","template":"","meta":{"footnotes":""},"class_list":["post-519","page","type-page","status-publish","hentry"],"_links":{"self":[{"href":"https:\/\/www.greenandgoldenglish.es\/lp\/wp-json\/wp\/v2\/pages\/519","targetHints":{"allow":["GET"]}}],"collection":[{"href":"https:\/\/www.greenandgoldenglish.es\/lp\/wp-json\/wp\/v2\/pages"}],"about":[{"href":"https:\/\/www.greenandgoldenglish.es\/lp\/wp-json\/wp\/v2\/types\/page"}],"author":[{"embeddable":true,"href":"https:\/\/www.greenandgoldenglish.es\/lp\/wp-json\/wp\/v2\/users\/1"}],"replies":[{"embeddable":true,"href":"https:\/\/www.greenandgoldenglish.es\/lp\/wp-json\/wp\/v2\/comments?post=519"}],"version-history":[{"count":10,"href":"https:\/\/www.greenandgoldenglish.es\/lp\/wp-json\/wp\/v2\/pages\/519\/revisions"}],"predecessor-version":[{"id":661,"href":"https:\/\/www.greenandgoldenglish.es\/lp\/wp-json\/wp\/v2\/pages\/519\/revisions\/661"}],"wp:attachment":[{"href":"https:\/\/www.greenandgoldenglish.es\/lp\/wp-json\/wp\/v2\/media?parent=519"}],"curies":[{"name":"wp","href":"https:\/\/api.w.org\/{rel}","templated":true}]}}