{"id":523,"date":"2016-03-14T12:16:55","date_gmt":"2016-03-14T12:16:55","guid":{"rendered":"https:\/\/www.greenandgoldenglish.es\/lp\/?page_id=523"},"modified":"2016-03-14T13:20:34","modified_gmt":"2016-03-14T13:20:34","slug":"junior_summer","status":"publish","type":"page","link":"https:\/\/www.greenandgoldenglish.es\/lp\/junior_summer\/","title":{"rendered":"Junior summer"},"content":{"rendered":"<p>[et_pb_section admin_label=\u00bbSecci\u00f3n\u00bb fullwidth=\u00bbon\u00bb specialty=\u00bboff\u00bb transparent_background=\u00bbon\u00bb allow_player_pause=\u00bboff\u00bb inner_shadow=\u00bboff\u00bb parallax=\u00bboff\u00bb parallax_method=\u00bboff\u00bb custom_padding=\u00bb0px|0px|0px|0px\u00bb padding_mobile=\u00bboff\u00bb make_fullwidth=\u00bboff\u00bb use_custom_width=\u00bboff\u00bb width_unit=\u00bbon\u00bb make_equal=\u00bboff\u00bb use_custom_gutter=\u00bboff\u00bb gutter_width=\u00bb3&#8243;][et_pb_fullwidth_header admin_label=\u00bbT\u00edtulo de anchura completa\u00bb title=\u00bbJunior Summer\u00bb subhead=\u00bbCurso de ingl\u00e9s en Derry para menores de 16 a\u00f1os durante el mes de julio\u00bb background_layout=\u00bblight\u00bb text_orientation=\u00bbcenter\u00bb header_fullscreen=\u00bboff\u00bb header_scroll_down=\u00bboff\u00bb parallax=\u00bbon\u00bb parallax_method=\u00bbon\u00bb content_orientation=\u00bbcenter\u00bb image_orientation=\u00bbcenter\u00bb title_font=\u00bb|on|||\u00bb title_font_size=\u00bb59px\u00bb subhead_font_size=\u00bb30px\u00bb custom_button_one=\u00bboff\u00bb button_one_text_size=\u00bb20&#8243; button_one_border_width=\u00bb2&#8243; button_one_border_radius=\u00bb3&#8243; button_one_letter_spacing=\u00bb0&#8243; button_one_use_icon=\u00bbdefault\u00bb button_one_icon_placement=\u00bbright\u00bb button_one_on_hover=\u00bbon\u00bb button_one_border_radius_hover=\u00bb3&#8243; button_one_letter_spacing_hover=\u00bb0&#8243; custom_button_two=\u00bboff\u00bb button_two_text_size=\u00bb20&#8243; button_two_border_width=\u00bb2&#8243; button_two_border_radius=\u00bb3&#8243; button_two_letter_spacing=\u00bb0&#8243; button_two_use_icon=\u00bbdefault\u00bb button_two_icon_placement=\u00bbright\u00bb button_two_on_hover=\u00bbon\u00bb button_two_border_radius_hover=\u00bb3&#8243; button_two_letter_spacing_hover=\u00bb0&#8243;]<\/p>\n<h5><\/h5>\n<h5><\/h5>\n<h5><a href=\"https:\/\/www.greenandgoldenglish.es\/lp\/summer_course\/\">\u00bf16 a\u00f1os o mayor? Click aqu\u00ed<\/a><\/h5>\n<p>[\/et_pb_fullwidth_header][\/et_pb_section][et_pb_section admin_label=\u00bbsection\u00bb transparent_background=\u00bbon\u00bb allow_player_pause=\u00bboff\u00bb inner_shadow=\u00bboff\u00bb parallax=\u00bboff\u00bb parallax_method=\u00bbon\u00bb padding_mobile=\u00bboff\u00bb make_fullwidth=\u00bboff\u00bb use_custom_width=\u00bboff\u00bb width_unit=\u00bbon\u00bb make_equal=\u00bboff\u00bb use_custom_gutter=\u00bboff\u00bb gutter_width=\u00bb3&#8243; custom_padding=\u00bb0px||0px|\u00bb background_color=\u00bb#74d9e0&#8243;][et_pb_row admin_label=\u00bbFila\u00bb make_fullwidth=\u00bbon\u00bb use_custom_width=\u00bboff\u00bb width_unit=\u00bbon\u00bb use_custom_gutter=\u00bboff\u00bb gutter_width=\u00bb3&#8243; padding_mobile=\u00bboff\u00bb allow_player_pause=\u00bboff\u00bb parallax=\u00bboff\u00bb parallax_method=\u00bboff\u00bb make_equal=\u00bboff\u00bb parallax_1=\u00bboff\u00bb parallax_method_1=\u00bboff\u00bb column_padding_mobile=\u00bbon\u00bb][et_pb_column type=\u00bb4_4&#8243;][et_pb_video admin_label=\u00bbV\u00eddeo\u00bb src=\u00bbhttps:\/\/www.greenandgoldenglish.es\/wp-content\/uploads\/2016\/03\/Mi-pel\u00edcula.mp4&#8243; src_webm=\u00bbhttps:\/\/www.greenandgoldenglish.es\/wp-content\/uploads\/2016\/03\/Mi-pel\u00edcula.webm\u00bb] [\/et_pb_video][\/et_pb_column][\/et_pb_row][\/et_pb_section][et_pb_section admin_label=\u00bbSecci\u00f3n\u00bb fullwidth=\u00bboff\u00bb specialty=\u00bboff\u00bb transparent_background=\u00bboff\u00bb background_color=\u00bb#c2e8c2&#8243; allow_player_pause=\u00bboff\u00bb inner_shadow=\u00bboff\u00bb parallax=\u00bboff\u00bb parallax_method=\u00bboff\u00bb padding_mobile=\u00bboff\u00bb make_fullwidth=\u00bboff\u00bb use_custom_width=\u00bboff\u00bb width_unit=\u00bbon\u00bb make_equal=\u00bboff\u00bb use_custom_gutter=\u00bboff\u00bb gutter_width=\u00bb3&#8243;][et_pb_row admin_label=\u00bbFila\u00bb make_fullwidth=\u00bbon\u00bb use_custom_width=\u00bboff\u00bb width_unit=\u00bboff\u00bb use_custom_gutter=\u00bboff\u00bb gutter_width=\u00bb3&#8243; padding_mobile=\u00bboff\u00bb allow_player_pause=\u00bboff\u00bb parallax=\u00bbon\u00bb parallax_method=\u00bbon\u00bb make_equal=\u00bboff\u00bb parallax_1=\u00bboff\u00bb parallax_method_1=\u00bboff\u00bb parallax_2=\u00bboff\u00bb parallax_method_2=\u00bboff\u00bb column_padding_mobile=\u00bbon\u00bb background_color=\u00bb#c9e8c9&#8243;][et_pb_column type=\u00bb1_3&#8243;][et_pb_image admin_label=\u00bbImagen\u00bb src=\u00bbhttps:\/\/www.greenandgoldenglish.es\/wp-content\/uploads\/2016\/03\/View-of-Peace-Bridge-and-Guildhall-1.jpg\u00bb show_in_lightbox=\u00bboff\u00bb url_new_window=\u00bboff\u00bb animation=\u00bbleft\u00bb sticky=\u00bboff\u00bb align=\u00bbleft\u00bb force_fullwidth=\u00bboff\u00bb always_center_on_mobile=\u00bbon\u00bb use_border_color=\u00bboff\u00bb border_color=\u00bb#ffffff\u00bb border_style=\u00bbsolid\u00bb] [\/et_pb_image][\/et_pb_column][et_pb_column type=\u00bb2_3&#8243;][et_pb_text admin_label=\u00bbTexto\u00bb background_layout=\u00bblight\u00bb text_orientation=\u00bbjustified\u00bb text_font_size=\u00bb14&#8243; use_border_color=\u00bboff\u00bb border_color=\u00bb#ffffff\u00bb border_style=\u00bbsolid\u00bb]<\/p>\n<h1><strong>The city, Derry<\/strong><\/h1>\n<p>Derry o Londonderry est\u00e1 situada en el noroeste de Irlanda y es la segunda ciudad m\u00e1s importante de Irlanda del Norte. Es la \u00fanica ciudad de las Islas Brit\u00e1nicas que se encuentra totalmente amurallada por lo que recorrer sus calles se convierte en algo m\u00e1gico. Derry resalta por su amplia herencia cultural. Un lugar \u00fanico para disfrutar de Irlanda.<\/p>\n<p>Una\u00a0ciudad hist\u00f3rica\u00a0 pero con una actitud moderna, la Ciudad amurrallada de Londonderry, es uno de los destinos m\u00e1s excitantes de\u00a0<strong>Irlanda del Norte.<\/strong><\/p>\n<p>&nbsp;<\/p>\n<p>[\/et_pb_text][\/et_pb_column][\/et_pb_row][\/et_pb_section][et_pb_section admin_label=\u00bbSecci\u00f3n\u00bb fullwidth=\u00bboff\u00bb specialty=\u00bboff\u00bb][et_pb_row admin_label=\u00bbFila\u00bb make_fullwidth=\u00bbon\u00bb use_custom_width=\u00bboff\u00bb width_unit=\u00bbon\u00bb use_custom_gutter=\u00bboff\u00bb gutter_width=\u00bb3&#8243; padding_mobile=\u00bboff\u00bb allow_player_pause=\u00bboff\u00bb parallax=\u00bboff\u00bb parallax_method=\u00bboff\u00bb make_equal=\u00bboff\u00bb parallax_1=\u00bboff\u00bb parallax_method_1=\u00bboff\u00bb parallax_2=\u00bboff\u00bb parallax_method_2=\u00bboff\u00bb column_padding_mobile=\u00bbon\u00bb][et_pb_column type=\u00bb2_3&#8243;][et_pb_text admin_label=\u00bbTexto\u00bb background_layout=\u00bblight\u00bb text_orientation=\u00bbleft\u00bb text_font_size=\u00bb14&#8243; use_border_color=\u00bboff\u00bb border_color=\u00bb#ffffff\u00bb border_style=\u00bbsolid\u00bb]<\/p>\n<h1 style=\"text-align: left;\"><strong>Accommodation<\/strong><\/h1>\n<p style=\"text-align: left;\">Alojamiento en familia:<\/p>\n<ul>\n<li>Vive en Derry con una humilde y acogedora familia irlandesa, aprovecha y habla con ellos siempre que te apetezca.<\/li>\n<li>Habitaci\u00f3n individual y pensi\u00f3n completa.<\/li>\n<li><strong>Familias minuciosamente selecionadas, cumpliendo rigurosamente las normas establecidas por nuestro centro.<\/strong><\/li>\n<\/ul>\n<p>[\/et_pb_text][\/et_pb_column][et_pb_column type=\u00bb1_3&#8243;][et_pb_video admin_label=\u00bbV\u00eddeo\u00bb src=\u00bbhttps:\/\/www.greenandgoldenglish.es\/wp-content\/uploads\/2016\/03\/Accommodation.mp4&#8243; src_webm=\u00bbhttps:\/\/www.greenandgoldenglish.es\/wp-content\/uploads\/2016\/03\/Accommodation.webm\u00bb] [\/et_pb_video][\/et_pb_column][\/et_pb_row][\/et_pb_section][et_pb_section admin_label=\u00bbSecci\u00f3n\u00bb fullwidth=\u00bboff\u00bb specialty=\u00bbon\u00bb transparent_background=\u00bboff\u00bb allow_player_pause=\u00bboff\u00bb inner_shadow=\u00bboff\u00bb parallax=\u00bboff\u00bb parallax_method=\u00bboff\u00bb padding_mobile=\u00bboff\u00bb make_fullwidth=\u00bbon\u00bb use_custom_width=\u00bboff\u00bb width_unit=\u00bbon\u00bb make_equal=\u00bboff\u00bb use_custom_gutter=\u00bboff\u00bb gutter_width=\u00bb3&#8243; parallax_1=\u00bboff\u00bb parallax_method_1=\u00bboff\u00bb parallax_2=\u00bboff\u00bb parallax_method_2=\u00bboff\u00bb background_color=\u00bb#c9e8c9&#8243;][et_pb_column type=\u00bb1_3&#8243;][et_pb_blurb admin_label=\u00bbAnuncio\u00bb url_new_window=\u00bboff\u00bb use_icon=\u00bboff\u00bb icon_color=\u00bb#22d856&#8243; use_circle=\u00bboff\u00bb circle_color=\u00bb#22d856&#8243; use_circle_border=\u00bboff\u00bb circle_border_color=\u00bb#22d856&#8243; image=\u00bbhttps:\/\/www.greenandgoldenglish.es\/wp-content\/uploads\/2016\/03\/image-e1457033082519.jpg\u00bb icon_placement=\u00bbtop\u00bb animation=\u00bbtop\u00bb background_layout=\u00bblight\u00bb text_orientation=\u00bbleft\u00bb use_icon_font_size=\u00bboff\u00bb header_font_size=\u00bb18&#8243; body_font_size=\u00bb14&#8243; use_border_color=\u00bboff\u00bb border_color=\u00bb#ffffff\u00bb border_style=\u00bbsolid\u00bb]<\/p>\n<h4 style=\"text-align: center;\">Programa acad\u00e9mico 15\/20 horas<\/h4>\n<p>[\/et_pb_blurb][et_pb_video admin_label=\u00bbV\u00eddeo\u00bb src=\u00bbhttps:\/\/www.greenandgoldenglish.es\/wp-content\/uploads\/2016\/03\/Academy.mp4&#8243; src_webm=\u00bbhttps:\/\/www.greenandgoldenglish.es\/wp-content\/uploads\/2016\/03\/Academy.webm\u00bb] [\/et_pb_video][\/et_pb_column][et_pb_column type=\u00bb2_3&#8243; specialty_columns=\u00bb2&#8243;][et_pb_row_inner admin_label=\u00bbFila\u00bb][et_pb_column_inner type=\u00bb4_4&#8243; saved_specialty_column_type=\u00bb2_3&#8243;][et_pb_text admin_label=\u00bbTexto\u00bb background_layout=\u00bblight\u00bb text_orientation=\u00bbleft\u00bb text_font_size=\u00bb14&#8243; use_border_color=\u00bboff\u00bb border_color=\u00bb#ffffff\u00bb border_style=\u00bbsolid\u00bb]<\/p>\n<h1><strong>The academy<\/strong><\/h1>\n<p>[\/et_pb_text][\/et_pb_column_inner][\/et_pb_row_inner][et_pb_row_inner admin_label=\u00bbFila\u00bb][et_pb_column_inner type=\u00bb1_2&#8243; saved_specialty_column_type=\u00bb2_3&#8243;][et_pb_blurb admin_label=\u00bbAnuncio\u00bb url_new_window=\u00bboff\u00bb use_icon=\u00bboff\u00bb icon_color=\u00bb#22d856&#8243; use_circle=\u00bboff\u00bb circle_color=\u00bb#22d856&#8243; use_circle_border=\u00bboff\u00bb circle_border_color=\u00bb#22d856&#8243; image=\u00bbhttps:\/\/www.greenandgoldenglish.es\/wp-content\/uploads\/2016\/03\/ESOL-e1456952377814.png\u00bb icon_placement=\u00bbtop\u00bb animation=\u00bbtop\u00bb background_layout=\u00bblight\u00bb text_orientation=\u00bbjustified\u00bb use_icon_font_size=\u00bboff\u00bb header_font_size=\u00bb18&#8243; body_font_size=\u00bb14&#8243; use_border_color=\u00bboff\u00bb border_color=\u00bb#ffffff\u00bb border_style=\u00bbsolid\u00bb]<\/p>\n<p><strong>Centro autorizado por la <em>University of Cambridge<\/em><\/strong> para realizar ex\u00e1menes de nivel, incluidos B1, B2, C1 y C2.<\/p>\n<p>[\/et_pb_blurb][\/et_pb_column_inner][et_pb_column_inner type=\u00bb1_2&#8243; saved_specialty_column_type=\u00bb2_3&#8243;][et_pb_blurb admin_label=\u00bbAnuncio\u00bb url_new_window=\u00bboff\u00bb use_icon=\u00bboff\u00bb icon_color=\u00bb#22d856&#8243; use_circle=\u00bboff\u00bb circle_color=\u00bb#22d856&#8243; use_circle_border=\u00bboff\u00bb circle_border_color=\u00bb#22d856&#8243; image=\u00bbhttps:\/\/www.greenandgoldenglish.es\/wp-content\/uploads\/2016\/03\/British-Council-accreditation-logo-e1457086812548.png\u00bb icon_placement=\u00bbtop\u00bb animation=\u00bbtop\u00bb background_layout=\u00bblight\u00bb text_orientation=\u00bbjustified\u00bb use_icon_font_size=\u00bboff\u00bb header_font_size=\u00bb18&#8243; body_font_size=\u00bb14&#8243; use_border_color=\u00bboff\u00bb border_color=\u00bb#ffffff\u00bb border_style=\u00bbsolid\u00bb]<\/p>\n<p><strong>Centro acreditado<\/strong> para impartir clases de ingl\u00e9s por el <strong>British Council<\/strong>, una de las organizaciones m\u00e1s exigentes en cuanto al control de la <strong>calidad de la ense\u00f1anza<\/strong>.<\/p>\n<p>[\/et_pb_blurb][\/et_pb_column_inner][\/et_pb_row_inner][\/et_pb_column][\/et_pb_section][et_pb_section admin_label=\u00bbSecci\u00f3n\u00bb fullwidth=\u00bboff\u00bb specialty=\u00bboff\u00bb][et_pb_row admin_label=\u00bbFila\u00bb][et_pb_column type=\u00bb4_4&#8243;][\/et_pb_column][\/et_pb_row][et_pb_row admin_label=\u00bbFila\u00bb][et_pb_column type=\u00bb2_3&#8243;][et_pb_text admin_label=\u00bbTexto\u00bb background_layout=\u00bblight\u00bb text_orientation=\u00bbleft\u00bb text_font_size=\u00bb14&#8243; use_border_color=\u00bboff\u00bb border_color=\u00bb#ffffff\u00bb border_style=\u00bbsolid\u00bb custom_margin=\u00bb|0px||\u00bb custom_padding=\u00bb|0px||\u00bb]<\/p>\n<h1 style=\"text-align: center;\">Todo esto con el apoyo y la experiencia de<\/h1>\n<h1 style=\"text-align: center;\">Green and Gold English<\/h1>\n<p>[\/et_pb_text][\/et_pb_column][et_pb_column type=\u00bb1_3&#8243;][et_pb_text admin_label=\u00bbTexto\u00bb background_layout=\u00bblight\u00bb text_orientation=\u00bbleft\u00bb text_font_size=\u00bb14&#8243; use_border_color=\u00bboff\u00bb border_color=\u00bb#ffffff\u00bb border_style=\u00bbsolid\u00bb custom_margin=\u00bb|||0px\u00bb custom_padding=\u00bb|||0px\u00bb]<\/p>\n<p><img loading=\"lazy\" decoding=\"async\" class=\"wp-image-109 aligncenter\" src=\"https:\/\/www.greenandgoldenglish.es\/lp\/wp-content\/uploads\/2016\/02\/logo-basico-general-300x104.png\" alt=\"logo basico general\" width=\"242\" height=\"84\" srcset=\"https:\/\/www.greenandgoldenglish.es\/lp\/wp-content\/uploads\/2016\/02\/logo-basico-general-300x104.png 300w, https:\/\/www.greenandgoldenglish.es\/lp\/wp-content\/uploads\/2016\/02\/logo-basico-general.png 577w\" sizes=\"auto, (max-width: 242px) 100vw, 242px\" \/><\/p>\n<p><img loading=\"lazy\" decoding=\"async\" class=\"size-medium wp-image-546 aligncenter\" src=\"https:\/\/www.greenandgoldenglish.es\/lp\/wp-content\/uploads\/2016\/03\/PreparationCentreLogo_RGB_300dpi-300x49.png\" alt=\"PreparationCentreLogo_RGB_300dpi\" width=\"300\" height=\"49\" srcset=\"https:\/\/www.greenandgoldenglish.es\/lp\/wp-content\/uploads\/2016\/03\/PreparationCentreLogo_RGB_300dpi-300x49.png 300w, https:\/\/www.greenandgoldenglish.es\/lp\/wp-content\/uploads\/2016\/03\/PreparationCentreLogo_RGB_300dpi-768x126.png 768w, https:\/\/www.greenandgoldenglish.es\/lp\/wp-content\/uploads\/2016\/03\/PreparationCentreLogo_RGB_300dpi.png 886w\" sizes=\"auto, (max-width: 300px) 100vw, 300px\" \/><\/p>\n<p>[\/et_pb_text][\/et_pb_column][\/et_pb_row][et_pb_row admin_label=\u00bbFila\u00bb][et_pb_column type=\u00bb1_2&#8243;][et_pb_text admin_label=\u00bbTexto\u00bb background_layout=\u00bblight\u00bb text_orientation=\u00bbleft\u00bb text_font_size=\u00bb14&#8243; use_border_color=\u00bboff\u00bb border_color=\u00bb#ffffff\u00bb border_style=\u00bbsolid\u00bb]<\/p>\n<ul>\n<li>\n<h4>Acompa\u00f1amiento en todo momento<\/h4>\n<ul>\n<li>Transporte en Derry inclu\u00eddo<\/li>\n<\/ul>\n<\/li>\n<li>\n<h4>Monitores G&amp;G disponibles 7\/24<\/h4>\n<\/li>\n<li>\n<h4>Programa de <strong>Actividades G&amp;G inclu\u00eddo<\/strong><\/h4>\n<ul>\n<li>Paintball, barranquismo, escalada, surf&#8230;<\/li>\n<\/ul>\n<\/li>\n<li>\n<h4>Seguro completo<\/h4>\n<\/li>\n<li>\n<h4>Tarjeta de m\u00f3vil inclu\u00edda<\/h4>\n<\/li>\n<li>\n<h4>Recuerdo fotogr\u00e1fico<\/h4>\n<\/li>\n<\/ul>\n<p>[\/et_pb_text][\/et_pb_column][et_pb_column type=\u00bb1_2&#8243;][et_pb_video admin_label=\u00bbV\u00eddeo\u00bb src=\u00bbhttps:\/\/www.greenandgoldenglish.es\/wp-content\/uploads\/2016\/03\/derry-2015-proyecto.mp4&#8243; src_webm=\u00bbhttps:\/\/www.greenandgoldenglish.es\/wp-content\/uploads\/2016\/03\/derry-2015-proyecto.webm\u00bb image_src=\u00bbhttps:\/\/www.greenandgoldenglish.es\/wp-content\/uploads\/2016\/03\/20150710_135049.jpg\u00bb] [\/et_pb_video][\/et_pb_column][\/et_pb_row][et_pb_row admin_label=\u00bbFila\u00bb][et_pb_column type=\u00bb1_2&#8243;][et_pb_text admin_label=\u00bbTexto\u00bb background_layout=\u00bblight\u00bb text_orientation=\u00bbleft\u00bb text_font_size=\u00bb14&#8243; use_border_color=\u00bboff\u00bb border_color=\u00bb#ffffff\u00bb border_style=\u00bbsolid\u00bb]<\/p>\n<h3><strong>Inf\u00f3rmate ya de nuestros precios <\/strong><\/h3>\n<h3><strong>sin <\/strong><strong>ning\u00fan compromiso! <\/strong><\/h3>\n<h3><strong>D\u00e9janos tu n\u00famero y te llamamos \ud83d\ude42 \ud83d\ude42<\/strong><\/h3>\n<p>[\/et_pb_text][et_pb_code admin_label=\u00bbC\u00f3digo\u00bb]\n<div class=\"wpcf7 no-js\" id=\"wpcf7-f536-o1\" lang=\"es-ES\" dir=\"ltr\" data-wpcf7-id=\"536\">\n<div class=\"screen-reader-response\"><p role=\"status\" aria-live=\"polite\" aria-atomic=\"true\"><\/p> <ul><\/ul><\/div>\n<form action=\"\/lp\/wp-json\/wp\/v2\/pages\/523#wpcf7-f536-o1\" method=\"post\" class=\"wpcf7-form init\" aria-label=\"Formulario de contacto\" novalidate=\"novalidate\" data-status=\"init\">\n<fieldset class=\"hidden-fields-container\"><input type=\"hidden\" name=\"_wpcf7\" value=\"536\" \/><input type=\"hidden\" name=\"_wpcf7_version\" value=\"6.1.4\" \/><input type=\"hidden\" name=\"_wpcf7_locale\" value=\"es_ES\" \/><input type=\"hidden\" name=\"_wpcf7_unit_tag\" value=\"wpcf7-f536-o1\" \/><input type=\"hidden\" name=\"_wpcf7_container_post\" value=\"0\" \/><input type=\"hidden\" name=\"_wpcf7_posted_data_hash\" value=\"\" \/>\n<\/fieldset>\n<p>Nombre (requerido)\n<\/p>\n<p><span class=\"wpcf7-form-control-wrap\" data-name=\"your-name\"><input size=\"40\" maxlength=\"400\" class=\"wpcf7-form-control wpcf7-text wpcf7-validates-as-required\" aria-required=\"true\" aria-invalid=\"false\" value=\"\" type=\"text\" name=\"your-name\" \/><\/span>\n<\/p>\n<p>Correo electr\u00f3nico (requerido)\n<\/p>\n<p><span class=\"wpcf7-form-control-wrap\" data-name=\"your-email\"><input size=\"40\" maxlength=\"400\" class=\"wpcf7-form-control wpcf7-email wpcf7-validates-as-required wpcf7-text wpcf7-validates-as-email\" aria-required=\"true\" aria-invalid=\"false\" value=\"\" type=\"email\" name=\"your-email\" \/><\/span>\n<\/p>\n<p>Tel\u00e9fono de contacto (requerido)\n<\/p>\n<p><span class=\"wpcf7-form-control-wrap\" data-name=\"Telfonodecontacto\"><input size=\"40\" maxlength=\"400\" class=\"wpcf7-form-control wpcf7-tel wpcf7-validates-as-required wpcf7-text wpcf7-validates-as-tel Telfono de contacto\" id=\"Telfonodecontacto\" aria-required=\"true\" aria-invalid=\"false\" placeholder=\"Tel\u00e9fono de contacto\" value=\"\" type=\"tel\" name=\"Telfonodecontacto\" \/><\/span>\n<\/p>\n<p>Preferencia horaria\n<\/p>\n<p><span class=\"wpcf7-form-control-wrap\" data-name=\"Preferenciahoraria\"><textarea cols=\"40\" rows=\"10\" maxlength=\"2000\" class=\"wpcf7-form-control wpcf7-textarea Preferencia horaria\" id=\"Preferenciahoraria\" aria-invalid=\"false\" placeholder=\"Preferencia horaria\" name=\"Preferenciahoraria\"><\/textarea><\/span>\n<\/p>\n<p><input class=\"wpcf7-form-control wpcf7-submit has-spinner\" type=\"submit\" value=\"Enviar\" \/>\n<\/p><div class=\"wpcf7-response-output\" aria-hidden=\"true\"><\/div>\n<\/form>\n<\/div>\n[\/et_pb_code][\/et_pb_column][et_pb_column type=\u00bb1_2&#8243;][et_pb_cta admin_label=\u00bbLlamada a la acci\u00f3n\u00bb url_new_window=\u00bbon\u00bb use_background_color=\u00bbon\u00bb background_color=\u00bb#22d856&#8243; background_layout=\u00bbdark\u00bb text_orientation=\u00bbcenter\u00bb header_font_size=\u00bb26&#8243; body_font_size=\u00bb14&#8243; use_border_color=\u00bboff\u00bb border_color=\u00bb#ffffff\u00bb border_style=\u00bbsolid\u00bb custom_button=\u00bboff\u00bb button_text_size=\u00bb20&#8243; button_border_width=\u00bb2&#8243; button_border_radius=\u00bb3&#8243; button_letter_spacing=\u00bb0&#8243; button_use_icon=\u00bbdefault\u00bb button_icon_placement=\u00bbright\u00bb button_on_hover=\u00bbon\u00bb button_border_radius_hover=\u00bb3&#8243; button_letter_spacing_hover=\u00bb0&#8243; button_url=\u00bbhttps:\/\/www.greenandgoldenglish.es\/lp\/summer_course\/\u00bb button_text=\u00bb\u00bfTienes m\u00e1s de 16 a\u00f1os? \u00a1Este es tu programa!\u00bb] [\/et_pb_cta][\/et_pb_column][\/et_pb_row][\/et_pb_section][et_pb_section admin_label=\u00bbSecci\u00f3n\u00bb fullwidth=\u00bboff\u00bb specialty=\u00bboff\u00bb transparent_background=\u00bboff\u00bb background_video_mp4=\u00bbhttps:\/\/www.greenandgoldenglish.es\/wp-content\/uploads\/2016\/03\/PIF8D9.mp4&#8243; background_video_webm=\u00bbhttps:\/\/www.greenandgoldenglish.es\/wp-content\/uploads\/2016\/03\/v_deo_vuelo_.webm\u00bb allow_player_pause=\u00bboff\u00bb inner_shadow=\u00bboff\u00bb parallax=\u00bboff\u00bb parallax_method=\u00bboff\u00bb custom_padding=\u00bb180px||180px|\u00bb padding_mobile=\u00bboff\u00bb make_fullwidth=\u00bboff\u00bb use_custom_width=\u00bboff\u00bb width_unit=\u00bbon\u00bb make_equal=\u00bboff\u00bb use_custom_gutter=\u00bboff\u00bb gutter_width=\u00bb3&#8243;][et_pb_row admin_label=\u00bbFila\u00bb][et_pb_column type=\u00bb4_4&#8243;][\/et_pb_column][\/et_pb_row][\/et_pb_section]<\/p>\n","protected":false},"excerpt":{"rendered":"<p>[et_pb_section admin_label=\u00bbSecci\u00f3n\u00bb fullwidth=\u00bbon\u00bb specialty=\u00bboff\u00bb transparent_background=\u00bbon\u00bb allow_player_pause=\u00bboff\u00bb inner_shadow=\u00bboff\u00bb parallax=\u00bboff\u00bb parallax_method=\u00bboff\u00bb custom_padding=\u00bb0px|0px|0px|0px\u00bb padding_mobile=\u00bboff\u00bb make_fullwidth=\u00bboff\u00bb use_custom_width=\u00bboff\u00bb width_unit=\u00bbon\u00bb make_equal=\u00bboff\u00bb use_custom_gutter=\u00bboff\u00bb gutter_width=\u00bb3&#8243;][et_pb_fullwidth_header admin_label=\u00bbT\u00edtulo de anchura completa\u00bb title=\u00bbJunior Summer\u00bb subhead=\u00bbCurso de ingl\u00e9s en Derry para menores de 16 a\u00f1os durante el mes de julio\u00bb background_layout=\u00bblight\u00bb text_orientation=\u00bbcenter\u00bb header_fullscreen=\u00bboff\u00bb header_scroll_down=\u00bboff\u00bb parallax=\u00bbon\u00bb parallax_method=\u00bbon\u00bb content_orientation=\u00bbcenter\u00bb image_orientation=\u00bbcenter\u00bb title_font=\u00bb|on|||\u00bb title_font_size=\u00bb59px\u00bb subhead_font_size=\u00bb30px\u00bb custom_button_one=\u00bboff\u00bb button_one_text_size=\u00bb20&#8243; button_one_border_width=\u00bb2&#8243; button_one_border_radius=\u00bb3&#8243; button_one_letter_spacing=\u00bb0&#8243; button_one_use_icon=\u00bbdefault\u00bb [&hellip;]<\/p>\n","protected":false},"author":1,"featured_media":0,"parent":0,"menu_order":0,"comment_status":"closed","ping_status":"closed","template":"","meta":{"footnotes":""},"class_list":["post-523","page","type-page","status-publish","hentry"],"_links":{"self":[{"href":"https:\/\/www.greenandgoldenglish.es\/lp\/wp-json\/wp\/v2\/pages\/523","targetHints":{"allow":["GET"]}}],"collection":[{"href":"https:\/\/www.greenandgoldenglish.es\/lp\/wp-json\/wp\/v2\/pages"}],"about":[{"href":"https:\/\/www.greenandgoldenglish.es\/lp\/wp-json\/wp\/v2\/types\/page"}],"author":[{"embeddable":true,"href":"https:\/\/www.greenandgoldenglish.es\/lp\/wp-json\/wp\/v2\/users\/1"}],"replies":[{"embeddable":true,"href":"https:\/\/www.greenandgoldenglish.es\/lp\/wp-json\/wp\/v2\/comments?post=523"}],"version-history":[{"count":5,"href":"https:\/\/www.greenandgoldenglish.es\/lp\/wp-json\/wp\/v2\/pages\/523\/revisions"}],"predecessor-version":[{"id":547,"href":"https:\/\/www.greenandgoldenglish.es\/lp\/wp-json\/wp\/v2\/pages\/523\/revisions\/547"}],"wp:attachment":[{"href":"https:\/\/www.greenandgoldenglish.es\/lp\/wp-json\/wp\/v2\/media?parent=523"}],"curies":[{"name":"wp","href":"https:\/\/api.w.org\/{rel}","templated":true}]}}