{"id":583,"date":"2016-06-23T14:36:08","date_gmt":"2016-06-23T14:36:08","guid":{"rendered":"https:\/\/www.greenandgoldenglish.es\/lp\/?page_id=583"},"modified":"2018-04-27T09:25:25","modified_gmt":"2018-04-27T09:25:25","slug":"consigue-tu-certificado-tesol","status":"publish","type":"page","link":"https:\/\/www.greenandgoldenglish.es\/lp\/consigue-tu-certificado-tesol\/","title":{"rendered":"Consigue tu certificado TESOL!!"},"content":{"rendered":"<p>[et_pb_section bb_built=\u00bb1&#8243; fullwidth=\u00bbon\u00bb specialty=\u00bboff\u00bb _builder_version=\u00bb3.0.99&#8243; background_color=\u00bb#ffffff\u00bb][et_pb_fullwidth_slider _builder_version=\u00bb3.0.99&#8243; show_arrows=\u00bbon\u00bb show_pagination=\u00bbon\u00bb custom_button=\u00bboff\u00bb button_icon_placement=\u00bbright\u00bb db_height=\u00bb776px\u00bb show_content_on_mobile=\u00bbon\u00bb show_cta_on_mobile=\u00bbon\u00bb show_image_video_mobile=\u00bboff\u00bb animation_style=\u00bbzoom\u00bb auto=\u00bbon\u00bb auto_speed=\u00bb5000&#8243; disabled=\u00bboff\u00bb disabled_on=\u00bbon||\u00bb][et_pb_slide _builder_version=\u00bb3.0.99&#8243; use_background_color_gradient=\u00bboff\u00bb background_color_gradient_start=\u00bb#2b87da\u00bb background_color_gradient_end=\u00bb#29c4a9&#8243; background_color_gradient_type=\u00bblinear\u00bb background_color_gradient_direction=\u00bb180deg\u00bb background_color_gradient_direction_radial=\u00bbcenter\u00bb background_color_gradient_start_position=\u00bb0%\u00bb background_color_gradient_end_position=\u00bb100%\u00bb background_color_gradient_overlays_image=\u00bboff\u00bb parallax=\u00bbon\u00bb parallax_method=\u00bbon\u00bb background_size=\u00bbcontain\u00bb background_position=\u00bbcenter_left\u00bb background_repeat=\u00bbno-repeat\u00bb background_blend=\u00bbnormal\u00bb allow_player_pause=\u00bboff\u00bb background_video_pause_outside_viewport=\u00bbon\u00bb use_bg_overlay=\u00bboff\u00bb use_text_overlay=\u00bboff\u00bb text_border_radius=\u00bb3&#8243; alignment=\u00bbcenter\u00bb child_filter_hue_rotate=\u00bb0deg\u00bb child_filter_saturate=\u00bb100%\u00bb child_filter_brightness=\u00bb100%\u00bb child_filter_contrast=\u00bb100%\u00bb child_filter_invert=\u00bb0%\u00bb child_filter_sepia=\u00bb0%\u00bb child_filter_opacity=\u00bb100%\u00bb child_filter_blur=\u00bb0px\u00bb child_mix_blend_mode=\u00bbnormal\u00bb background_layout=\u00bbdark\u00bb text_shadow_style=\u00bbnone\u00bb header_text_shadow_style=\u00bbnone\u00bb body_text_shadow_style=\u00bbnone\u00bb custom_button=\u00bboff\u00bb button_bg_use_color_gradient=\u00bboff\u00bb button_bg_color_gradient_overlays_image=\u00bboff\u00bb button_use_icon=\u00bbon\u00bb button_on_hover=\u00bbon\u00bb button_text_shadow_style=\u00bbnone\u00bb box_shadow_style_button=\u00bbnone\u00bb background_image=\u00bbhttps:\/\/www.greenandgoldenglish.es\/lp\/wp-content\/uploads\/2018\/03\/2.png\u00bb text_shadow_horizontal_length=\u00bb0em\u00bb text_shadow_vertical_length=\u00bb0em\u00bb text_shadow_blur_strength=\u00bb0em\u00bb header_text_shadow_horizontal_length=\u00bb0em\u00bb header_text_shadow_vertical_length=\u00bb0em\u00bb header_text_shadow_blur_strength=\u00bb0em\u00bb body_text_shadow_horizontal_length=\u00bb0em\u00bb body_text_shadow_vertical_length=\u00bb0em\u00bb body_text_shadow_blur_strength=\u00bb0em\u00bb button_text_shadow_horizontal_length=\u00bb0em\u00bb button_text_shadow_vertical_length=\u00bb0em\u00bb button_text_shadow_blur_strength=\u00bb0em\u00bb \/][et_pb_slide _builder_version=\u00bb3.0.99&#8243; use_background_color_gradient=\u00bboff\u00bb background_color_gradient_start=\u00bb#2b87da\u00bb background_color_gradient_end=\u00bb#29c4a9&#8243; background_color_gradient_type=\u00bblinear\u00bb background_color_gradient_direction=\u00bb180deg\u00bb background_color_gradient_direction_radial=\u00bbcenter\u00bb background_color_gradient_start_position=\u00bb0%\u00bb background_color_gradient_end_position=\u00bb100%\u00bb background_color_gradient_overlays_image=\u00bboff\u00bb parallax=\u00bbon\u00bb parallax_method=\u00bbon\u00bb background_size=\u00bbcontain\u00bb background_position=\u00bbcenter_left\u00bb background_repeat=\u00bbno-repeat\u00bb background_blend=\u00bbnormal\u00bb allow_player_pause=\u00bboff\u00bb background_video_pause_outside_viewport=\u00bbon\u00bb use_bg_overlay=\u00bboff\u00bb use_text_overlay=\u00bboff\u00bb text_border_radius=\u00bb3&#8243; alignment=\u00bbcenter\u00bb child_filter_hue_rotate=\u00bb0deg\u00bb child_filter_saturate=\u00bb100%\u00bb child_filter_brightness=\u00bb100%\u00bb child_filter_contrast=\u00bb100%\u00bb child_filter_invert=\u00bb0%\u00bb child_filter_sepia=\u00bb0%\u00bb child_filter_opacity=\u00bb100%\u00bb child_filter_blur=\u00bb0px\u00bb child_mix_blend_mode=\u00bbnormal\u00bb background_layout=\u00bbdark\u00bb text_shadow_style=\u00bbnone\u00bb header_text_shadow_style=\u00bbnone\u00bb body_text_shadow_style=\u00bbnone\u00bb button_text_shadow_style=\u00bbnone\u00bb box_shadow_style_button=\u00bbnone\u00bb background_image=\u00bbhttps:\/\/www.greenandgoldenglish.es\/lp\/wp-content\/uploads\/2018\/03\/1.png\u00bb text_shadow_horizontal_length=\u00bb0em\u00bb text_shadow_vertical_length=\u00bb0em\u00bb text_shadow_blur_strength=\u00bb0em\u00bb header_text_shadow_horizontal_length=\u00bb0em\u00bb header_text_shadow_vertical_length=\u00bb0em\u00bb header_text_shadow_blur_strength=\u00bb0em\u00bb body_text_shadow_horizontal_length=\u00bb0em\u00bb body_text_shadow_vertical_length=\u00bb0em\u00bb body_text_shadow_blur_strength=\u00bb0em\u00bb button_text_shadow_horizontal_length=\u00bb0em\u00bb button_text_shadow_vertical_length=\u00bb0em\u00bb button_text_shadow_blur_strength=\u00bb0em\u00bb custom_button=\u00bboff\u00bb button_bg_use_color_gradient=\u00bboff\u00bb button_bg_color_gradient_overlays_image=\u00bboff\u00bb button_use_icon=\u00bbon\u00bb button_on_hover=\u00bbon\u00bb \/][\/et_pb_fullwidth_slider][\/et_pb_section][et_pb_section bb_built=\u00bb1&#8243; fullwidth=\u00bboff\u00bb specialty=\u00bboff\u00bb][et_pb_row][et_pb_column type=\u00bb1_3&#8243;][et_pb_image _builder_version=\u00bb3.0.99&#8243; src=\u00bbhttps:\/\/www.greenandgoldenglish.es\/lp\/wp-content\/uploads\/2018\/03\/CertTESOL-poster-13th-August.jpg\u00bb show_in_lightbox=\u00bbon\u00bb url_new_window=\u00bboff\u00bb use_overlay=\u00bboff\u00bb always_center_on_mobile=\u00bbon\u00bb force_fullwidth=\u00bboff\u00bb show_bottom_space=\u00bbon\u00bb border_radii=\u00bbon|5px|5px|5px|5px\u00bb box_shadow_style=\u00bbpreset1&#8243; align=\u00bbleft\u00bb animation_style=\u00bbfold\u00bb \/][\/et_pb_column][et_pb_column type=\u00bb2_3&#8243;][et_pb_text _builder_version=\u00bb3.0.99&#8243; background_layout=\u00bblight\u00bb text_orientation=\u00bbjustified\u00bb animation_style=\u00bbslide\u00bb]<\/p>\n<h3 class=\"vc_custom_heading\">BECOME AN ENGLISH TEACHER<\/h3>\n<p>&nbsp;<\/p>\n<div class=\"kleo_text_column wpb_content_element textojustificado lead\">\n<div class=\"wpb_wrapper\">\n<p>Teaching English as a Foreign Language (TEFL) es un curso de formaci\u00f3n y certificaci\u00f3n internacional que brinda las competencias necesarias para desempe\u00f1arse en la ense\u00f1anza del ingl\u00e9s. Las personas con nivel avanzado (C1 de ingl\u00e9s) que deseen formarse en pedagog\u00eda tienen la oportunidad de obtener esta certificaci\u00f3n internacional. Existen tan s\u00f3lo dos cursos aceptados a nivel mundial, el Trinity CertTESOL, es uno de ellos.<\/p>\n<p>Se trata de un curso intensivo de 4 semanas en el que obtendr\u00e1s este certificado acreditado por el British Council en las instalaciones de North West Academy of English en Londonderry, Irlanda del Norte.<\/p>\n<p>Muchos\/as alumnos\/as asumen que gran parte del curso se referir\u00e1 a la gram\u00e1tica y por ello no se plantean realizarlo. Pero en realidad debes saber que el curso tiene un enfoque comunicativo para la ense\u00f1anza, por lo que las t\u00e9cnicas de ense\u00f1anza en el aula y la pr\u00e1ctica docente ser\u00e1 lo m\u00e1s importantes.<\/p>\n<p>A diferencia de muchos cursos TEFL (Teaching English as a Foreign Language) \u00aben l\u00ednea\u00bb o \u00abfines de semana\u00bb, el curso Trinity (TESOL) implica al menos 6 horas de pr\u00e1ctica docente. Esto significa que\u00a0tendr\u00e1s la oportunidad de poner a prueba los conocimientos adquiridos en una clase real.<\/p>\n<\/div>\n<\/div>\n<p>[\/et_pb_text][\/et_pb_column][\/et_pb_row][\/et_pb_section][et_pb_section bb_built=\u00bb1&#8243; fullwidth=\u00bboff\u00bb specialty=\u00bboff\u00bb][et_pb_row][et_pb_column type=\u00bb1_3&#8243;][et_pb_blurb _builder_version=\u00bb3.0.99&#8243; title=\u00bbAcreditaci\u00f3n\u00bb url_new_window=\u00bboff\u00bb use_icon=\u00bbon\u00bb use_circle=\u00bboff\u00bb use_circle_border=\u00bboff\u00bb icon_placement=\u00bbtop\u00bb use_icon_font_size=\u00bbon\u00bb background_layout=\u00bblight\u00bb font_icon=\u00bb%%149%%\u00bb header_text_align=\u00bbcenter\u00bb icon_font_size=\u00bb48&#8243; text_orientation=\u00bbjustified\u00bb header_level=\u00bbh2&#8243; animation_style=\u00bbflip\u00bb]<\/p>\n<p>Posiblemente habr\u00e1s o\u00eddo hablar de diferentes abreviaturas: TEFL, TESOL, TESL, EFL, ESL, CELTA, DELTA&#8230; En realidad, s\u00f3lo deber\u00edan interesarte DOS t\u00edtulos: <strong>Trinity College London y Cambridge<\/strong>. Tanto Trinity como Cambridge acreditan cursos certificados (CertTESOL y CELTA) y Diplomas TEFL de nivel superior (Diploma LTCL y DELTA). Estas calificaciones son <strong>reconocidas internacionalmente y aceptadas en todo el mundo<\/strong>.<\/p>\n<p>[\/et_pb_blurb][\/et_pb_column][et_pb_column type=\u00bb1_3&#8243;][et_pb_blurb _builder_version=\u00bb3.0.99&#8243; title=\u00bbRequisitios\u00bb url_new_window=\u00bboff\u00bb use_icon=\u00bbon\u00bb use_circle=\u00bboff\u00bb use_circle_border=\u00bboff\u00bb icon_placement=\u00bbtop\u00bb use_icon_font_size=\u00bbon\u00bb background_layout=\u00bblight\u00bb font_icon=\u00bb%%202%%\u00bb header_text_align=\u00bbcenter\u00bb circle_color=\u00bb#ffffff\u00bb icon_font_size=\u00bb48px\u00bb text_orientation=\u00bbjustified\u00bb header_level=\u00bbh2&#8243; animation_style=\u00bbflip\u00bb]<\/p>\n<p>La entrada al Trinity College London CertTESOL est\u00e1 abierta a todos los hablantes nativos y no nativos de ingl\u00e9s que puedan probar tener un nivel de <strong>ingl\u00e9s m\u00ednimo de C1<\/strong> seg\u00fan el Marco Com\u00fan Europeo de Referencia para las Lenguas (MCER) en las 4 habilidades: Speaking, Listening, Reading and Writing. La <strong>edad m\u00ednima<\/strong> para participar en el curso es de<strong> 18 a\u00f1os<\/strong>.<\/p>\n<p>[\/et_pb_blurb][\/et_pb_column][et_pb_column type=\u00bb1_3&#8243;][et_pb_blurb _builder_version=\u00bb3.0.99&#8243; title=\u00bbEvaluaci\u00f3n\u00bb url_new_window=\u00bboff\u00bb use_icon=\u00bbon\u00bb use_circle=\u00bboff\u00bb use_circle_border=\u00bboff\u00bb icon_placement=\u00bbtop\u00bb use_icon_font_size=\u00bbon\u00bb background_layout=\u00bblight\u00bb font_icon=\u00bb%%290%%\u00bb header_text_align=\u00bbcenter\u00bb icon_font_size=\u00bb48px\u00bb text_orientation=\u00bbjustified\u00bb header_level=\u00bbh2&#8243; animation_style=\u00bbflip\u00bb]<\/p>\n<p>Adem\u00e1s de la pr\u00e1ctica docente que ser\u00e1 <strong>evaluada continuamente<\/strong>, se te pedir\u00e1 que completes algunas tareas. Deber\u00e1s redactar algunos informes, completar algunos ejercicios cortos de gram\u00e1tica y de fon\u00e9tica. Estas asignaciones se dan a lo largo del curso, por lo que no hay un examen final. Si obtienes una baja puntuaci\u00f3n en alguna tareas, lo sabr\u00e1s desde el principio y, por lo tanto, <strong>podr\u00e1s \u00abponerte al d\u00eda\u00bb<\/strong> en las tareas posteriores.<\/p>\n<p>[\/et_pb_blurb][\/et_pb_column][\/et_pb_row][\/et_pb_section][et_pb_section bb_built=\u00bb1&#8243; fullwidth=\u00bboff\u00bb specialty=\u00bbon\u00bb _builder_version=\u00bb3.0.99&#8243; background_color=\u00bb#ffffff\u00bb][et_pb_column type=\u00bb1_2&#8243;][et_pb_contact_form _builder_version=\u00bb3.0.99&#8243; title=\u00bbInf\u00f3rmate ya de c\u00f3mo hacer tu sue\u00f1o realidad!\u00bb email=\u00bbrose@northwestacademy.net\u00bb captcha=\u00bboff\u00bb use_redirect=\u00bboff\u00bb custom_button=\u00bboff\u00bb button_icon_placement=\u00bbright\u00bb success_message=\u00bbEn breve nos pondremos en contacto contigo. Have a nice day!\u00bb title_font=\u00bb|700|||||||\u00bb animation_style=\u00bbbounce\u00bb custom_message=\u00bbInteresado\/a en TESOL programme||et_pb_line_break_holder||Mi nombre es %%name%% .Mi mensaje es %%message%% y mi n\u00famero de tel\u00e9fono es %%N\u00famero_de_tel\u00e9fono%%. ||et_pb_line_break_holder||Mi correo es %%email%% y mi preferencia horaria es %%Field_4%%.\u00bb][et_pb_contact_field field_title=\u00bbNombre\u00bb field_type=\u00bbinput\u00bb field_id=\u00bbName\u00bb required_mark=\u00bbon\u00bb fullwidth_field=\u00bboff\u00bb _builder_version=\u00bb3.0.99&#8243; checkbox_checked=\u00bboff\u00bb checkbox_options=\u00bb%91{%22value%22:%22Nombre%22,%22checked%22:0}%93&#8243; radio_options=\u00bb%91{%22value%22:%22Nombre%22,%22checked%22:0}%93&#8243; select_options=\u00bb%91{%22value%22:%22Nombre%22,%22checked%22:0}%93&#8243; min_length=\u00bb0&#8243; max_length=\u00bb0&#8243; allowed_symbols=\u00bball\u00bb conditional_logic=\u00bboff\u00bb conditional_logic_relation=\u00bboff\u00bb conditional_logic_rules=\u00bb%91{%22field%22:%22email%22,%22condition%22:%22is%22,%22value%22:%22%22}%93&#8243; use_background_color_gradient=\u00bboff\u00bb background_color_gradient_start=\u00bb#2b87da\u00bb background_color_gradient_end=\u00bb#29c4a9&#8243; background_color_gradient_type=\u00bblinear\u00bb background_color_gradient_direction=\u00bb180deg\u00bb background_color_gradient_direction_radial=\u00bbcenter\u00bb background_color_gradient_start_position=\u00bb0%\u00bb background_color_gradient_end_position=\u00bb100%\u00bb background_color_gradient_overlays_image=\u00bboff\u00bb parallax=\u00bboff\u00bb parallax_method=\u00bbon\u00bb background_size=\u00bbcover\u00bb background_position=\u00bbcenter\u00bb background_repeat=\u00bbno-repeat\u00bb background_blend=\u00bbnormal\u00bb allow_player_pause=\u00bboff\u00bb background_video_pause_outside_viewport=\u00bbon\u00bb form_field_text_shadow_style=\u00bbnone\u00bb box_shadow_style=\u00bbnone\u00bb \/][et_pb_contact_field field_title=\u00bbDirecci\u00f3n de correo electr\u00f3nico\u00bb field_type=\u00bbemail\u00bb field_id=\u00bbEmail\u00bb required_mark=\u00bbon\u00bb fullwidth_field=\u00bboff\u00bb _builder_version=\u00bb3.0.99&#8243; checkbox_checked=\u00bboff\u00bb checkbox_options=\u00bb%91{%22value%22:%22Direcci\u00f3n de correo electr\u00f3nico%22,%22checked%22:0}%93&#8243; radio_options=\u00bb%91{%22value%22:%22Direcci\u00f3n de correo electr\u00f3nico%22,%22checked%22:0}%93&#8243; select_options=\u00bb%91{%22value%22:%22Direcci\u00f3n de correo electr\u00f3nico%22,%22checked%22:0}%93&#8243; min_length=\u00bb0&#8243; max_length=\u00bb0&#8243; allowed_symbols=\u00bball\u00bb conditional_logic=\u00bboff\u00bb conditional_logic_relation=\u00bboff\u00bb conditional_logic_rules=\u00bb%91{%22field%22:%22name%22,%22condition%22:%22is%22,%22value%22:%22%22}%93&#8243; use_background_color_gradient=\u00bboff\u00bb background_color_gradient_start=\u00bb#2b87da\u00bb background_color_gradient_end=\u00bb#29c4a9&#8243; background_color_gradient_type=\u00bblinear\u00bb background_color_gradient_direction=\u00bb180deg\u00bb background_color_gradient_direction_radial=\u00bbcenter\u00bb background_color_gradient_start_position=\u00bb0%\u00bb background_color_gradient_end_position=\u00bb100%\u00bb background_color_gradient_overlays_image=\u00bboff\u00bb parallax=\u00bboff\u00bb parallax_method=\u00bbon\u00bb background_size=\u00bbcover\u00bb background_position=\u00bbcenter\u00bb background_repeat=\u00bbno-repeat\u00bb background_blend=\u00bbnormal\u00bb allow_player_pause=\u00bboff\u00bb background_video_pause_outside_viewport=\u00bbon\u00bb form_field_text_shadow_style=\u00bbnone\u00bb box_shadow_style=\u00bbnone\u00bb \/][et_pb_contact_field _builder_version=\u00bb3.0.99&#8243; field_id=\u00bbN\u00famero_de_tel\u00e9fono\u00bb field_title=\u00bbTel\u00e9fono de contacto\u00bb field_type=\u00bbinput\u00bb checkbox_checked=\u00bboff\u00bb checkbox_options=\u00bb%91{%22value%22:%22%22,%22checked%22:0}%93&#8243; radio_options=\u00bb%91{%22value%22:%22%22,%22checked%22:0}%93&#8243; select_options=\u00bb%91{%22value%22:%22%22,%22checked%22:0}%93&#8243; min_length=\u00bb0&#8243; max_length=\u00bb15&#8243; allowed_symbols=\u00bbnumbers\u00bb required_mark=\u00bbon\u00bb conditional_logic=\u00bboff\u00bb conditional_logic_relation=\u00bboff\u00bb conditional_logic_rules=\u00bb%91{%22field%22:%22name%22,%22condition%22:%22is%22,%22value%22:%22%22}%93&#8243; use_background_color_gradient=\u00bboff\u00bb background_color_gradient_start=\u00bb#2b87da\u00bb background_color_gradient_end=\u00bb#29c4a9&#8243; background_color_gradient_type=\u00bblinear\u00bb background_color_gradient_direction=\u00bb180deg\u00bb background_color_gradient_direction_radial=\u00bbcenter\u00bb background_color_gradient_start_position=\u00bb0%\u00bb background_color_gradient_end_position=\u00bb100%\u00bb background_color_gradient_overlays_image=\u00bboff\u00bb parallax=\u00bboff\u00bb parallax_method=\u00bbon\u00bb background_size=\u00bbcover\u00bb background_position=\u00bbcenter\u00bb background_repeat=\u00bbno-repeat\u00bb background_blend=\u00bbnormal\u00bb allow_player_pause=\u00bboff\u00bb background_video_pause_outside_viewport=\u00bbon\u00bb fullwidth_field=\u00bbon\u00bb form_field_text_shadow_style=\u00bbnone\u00bb box_shadow_style=\u00bbnone\u00bb \/][et_pb_contact_field field_title=\u00bbMensaje\u00bb field_type=\u00bbtext\u00bb field_id=\u00bbMessage\u00bb required_mark=\u00bboff\u00bb fullwidth_field=\u00bbon\u00bb _builder_version=\u00bb3.0.99&#8243; checkbox_checked=\u00bboff\u00bb checkbox_options=\u00bb%91{%22value%22:%22Mensaje%22,%22checked%22:0}%93&#8243; radio_options=\u00bb%91{%22value%22:%22Mensaje%22,%22checked%22:0}%93&#8243; select_options=\u00bb%91{%22value%22:%22Mensaje%22,%22checked%22:0}%93&#8243; min_length=\u00bb0&#8243; max_length=\u00bb0&#8243; allowed_symbols=\u00bball\u00bb conditional_logic=\u00bboff\u00bb conditional_logic_relation=\u00bboff\u00bb conditional_logic_rules=\u00bb%91{%22field%22:%22name%22,%22condition%22:%22is%22,%22value%22:%22%22}%93&#8243; use_background_color_gradient=\u00bboff\u00bb background_color_gradient_start=\u00bb#2b87da\u00bb background_color_gradient_end=\u00bb#29c4a9&#8243; background_color_gradient_type=\u00bblinear\u00bb background_color_gradient_direction=\u00bb180deg\u00bb background_color_gradient_direction_radial=\u00bbcenter\u00bb background_color_gradient_start_position=\u00bb0%\u00bb background_color_gradient_end_position=\u00bb100%\u00bb background_color_gradient_overlays_image=\u00bboff\u00bb parallax=\u00bboff\u00bb parallax_method=\u00bbon\u00bb background_size=\u00bbcover\u00bb background_position=\u00bbcenter\u00bb background_repeat=\u00bbno-repeat\u00bb background_blend=\u00bbnormal\u00bb allow_player_pause=\u00bboff\u00bb background_video_pause_outside_viewport=\u00bbon\u00bb form_field_text_shadow_style=\u00bbnone\u00bb box_shadow_style=\u00bbnone\u00bb \/][et_pb_contact_field _builder_version=\u00bb3.0.99&#8243; field_id=\u00bbField_4&#8243; field_title=\u00bbPreferencia horaria\u00bb field_type=\u00bbinput\u00bb checkbox_checked=\u00bboff\u00bb checkbox_options=\u00bb%91{%22value%22:%22%22,%22checked%22:0}%93&#8243; radio_options=\u00bb%91{%22value%22:%22%22,%22checked%22:0}%93&#8243; select_options=\u00bb%91{%22value%22:%22%22,%22checked%22:0}%93&#8243; min_length=\u00bb0&#8243; max_length=\u00bb0&#8243; allowed_symbols=\u00bball\u00bb required_mark=\u00bbon\u00bb conditional_logic=\u00bboff\u00bb conditional_logic_relation=\u00bboff\u00bb conditional_logic_rules=\u00bb%91{%22field%22:%22name%22,%22condition%22:%22is%22,%22value%22:%22%22}%93&#8243; use_background_color_gradient=\u00bboff\u00bb background_color_gradient_start=\u00bb#2b87da\u00bb background_color_gradient_end=\u00bb#29c4a9&#8243; background_color_gradient_type=\u00bblinear\u00bb background_color_gradient_direction=\u00bb180deg\u00bb background_color_gradient_direction_radial=\u00bbcenter\u00bb background_color_gradient_start_position=\u00bb0%\u00bb background_color_gradient_end_position=\u00bb100%\u00bb background_color_gradient_overlays_image=\u00bboff\u00bb parallax=\u00bboff\u00bb parallax_method=\u00bbon\u00bb background_size=\u00bbcover\u00bb background_position=\u00bbcenter\u00bb background_repeat=\u00bbno-repeat\u00bb background_blend=\u00bbnormal\u00bb allow_player_pause=\u00bboff\u00bb background_video_pause_outside_viewport=\u00bbon\u00bb fullwidth_field=\u00bbon\u00bb form_field_text_shadow_style=\u00bbnone\u00bb box_shadow_style=\u00bbnone\u00bb \/][\/et_pb_contact_form][\/et_pb_column][et_pb_column type=\u00bb1_2&#8243; specialty_columns=\u00bb2&#8243;][et_pb_row_inner admin_label=\u00bbFila\u00bb][et_pb_column_inner type=\u00bb4_4&#8243; saved_specialty_column_type=\u00bb1_2&#8243;][et_pb_text _builder_version=\u00bb3.0.99&#8243; background_layout=\u00bblight\u00bb text_font_size=\u00bb18px\u00bb text_text_shadow_vertical_length=\u00bb0.1em\u00bb text_text_shadow_blur_strength=\u00bb0.1em\u00bb text_orientation=\u00bbjustified\u00bb]<\/p>\n<p><strong>O si lo prefieres contacta con nuestro equipo directamente<\/strong><\/p>\n<p>[\/et_pb_text][\/et_pb_column_inner][\/et_pb_row_inner][et_pb_row_inner admin_label=\u00bbFila\u00bb _builder_version=\u00bb3.0.99&#8243; animation_style=\u00bbfade\u00bb][et_pb_column_inner type=\u00bb4_4&#8243; saved_specialty_column_type=\u00bb1_2&#8243;][et_pb_blurb _builder_version=\u00bb3.0.99&#8243; url_new_window=\u00bboff\u00bb use_icon=\u00bbon\u00bb font_icon=\u00bb%%104%%\u00bb use_circle=\u00bboff\u00bb use_circle_border=\u00bboff\u00bb icon_placement=\u00bbleft\u00bb use_icon_font_size=\u00bbon\u00bb background_layout=\u00bblight\u00bb body_text_align=\u00bbcenter\u00bb icon_font_size=\u00bb45px\u00bb body_font=\u00bbVerdana||||||||\u00bb body_font_size=\u00bb23&#8243;]<\/p>\n<p>965 469 939<\/p>\n<p>[\/et_pb_blurb][et_pb_blurb _builder_version=\u00bb3.0.99&#8243; url_new_window=\u00bboff\u00bb use_icon=\u00bbon\u00bb font_icon=\u00bb%%109%%\u00bb use_circle=\u00bboff\u00bb use_circle_border=\u00bboff\u00bb icon_placement=\u00bbleft\u00bb use_icon_font_size=\u00bbon\u00bb background_layout=\u00bblight\u00bb body_text_align=\u00bbcenter\u00bb icon_font_size=\u00bb45px\u00bb body_font=\u00bbVerdana||||||||\u00bb body_font_size=\u00bb23&#8243;]<\/p>\n<p>rose@northwestacademy.net<\/p>\n<p>[\/et_pb_blurb][\/et_pb_column_inner][\/et_pb_row_inner][\/et_pb_column][\/et_pb_section]<\/p>\n","protected":false},"excerpt":{"rendered":"<p>[et_pb_section bb_built=\u00bb1&#8243; fullwidth=\u00bbon\u00bb specialty=\u00bboff\u00bb _builder_version=\u00bb3.0.99&#8243; background_color=\u00bb#ffffff\u00bb][et_pb_fullwidth_slider _builder_version=\u00bb3.0.99&#8243; show_arrows=\u00bbon\u00bb show_pagination=\u00bbon\u00bb custom_button=\u00bboff\u00bb button_icon_placement=\u00bbright\u00bb db_height=\u00bb776px\u00bb show_content_on_mobile=\u00bbon\u00bb show_cta_on_mobile=\u00bbon\u00bb show_image_video_mobile=\u00bboff\u00bb animation_style=\u00bbzoom\u00bb auto=\u00bbon\u00bb auto_speed=\u00bb5000&#8243; disabled=\u00bboff\u00bb disabled_on=\u00bbon||\u00bb][et_pb_slide _builder_version=\u00bb3.0.99&#8243; use_background_color_gradient=\u00bboff\u00bb background_color_gradient_start=\u00bb#2b87da\u00bb background_color_gradient_end=\u00bb#29c4a9&#8243; background_color_gradient_type=\u00bblinear\u00bb background_color_gradient_direction=\u00bb180deg\u00bb background_color_gradient_direction_radial=\u00bbcenter\u00bb background_color_gradient_start_position=\u00bb0%\u00bb background_color_gradient_end_position=\u00bb100%\u00bb background_color_gradient_overlays_image=\u00bboff\u00bb parallax=\u00bbon\u00bb parallax_method=\u00bbon\u00bb background_size=\u00bbcontain\u00bb background_position=\u00bbcenter_left\u00bb background_repeat=\u00bbno-repeat\u00bb background_blend=\u00bbnormal\u00bb allow_player_pause=\u00bboff\u00bb background_video_pause_outside_viewport=\u00bbon\u00bb use_bg_overlay=\u00bboff\u00bb use_text_overlay=\u00bboff\u00bb text_border_radius=\u00bb3&#8243; alignment=\u00bbcenter\u00bb child_filter_hue_rotate=\u00bb0deg\u00bb child_filter_saturate=\u00bb100%\u00bb child_filter_brightness=\u00bb100%\u00bb child_filter_contrast=\u00bb100%\u00bb child_filter_invert=\u00bb0%\u00bb child_filter_sepia=\u00bb0%\u00bb child_filter_opacity=\u00bb100%\u00bb child_filter_blur=\u00bb0px\u00bb child_mix_blend_mode=\u00bbnormal\u00bb background_layout=\u00bbdark\u00bb text_shadow_style=\u00bbnone\u00bb header_text_shadow_style=\u00bbnone\u00bb body_text_shadow_style=\u00bbnone\u00bb [&hellip;]<\/p>\n","protected":false},"author":1,"featured_media":0,"parent":0,"menu_order":0,"comment_status":"closed","ping_status":"closed","template":"","meta":{"footnotes":""},"class_list":["post-583","page","type-page","status-publish","hentry"],"_links":{"self":[{"href":"https:\/\/www.greenandgoldenglish.es\/lp\/wp-json\/wp\/v2\/pages\/583","targetHints":{"allow":["GET"]}}],"collection":[{"href":"https:\/\/www.greenandgoldenglish.es\/lp\/wp-json\/wp\/v2\/pages"}],"about":[{"href":"https:\/\/www.greenandgoldenglish.es\/lp\/wp-json\/wp\/v2\/types\/page"}],"author":[{"embeddable":true,"href":"https:\/\/www.greenandgoldenglish.es\/lp\/wp-json\/wp\/v2\/users\/1"}],"replies":[{"embeddable":true,"href":"https:\/\/www.greenandgoldenglish.es\/lp\/wp-json\/wp\/v2\/comments?post=583"}],"version-history":[{"count":10,"href":"https:\/\/www.greenandgoldenglish.es\/lp\/wp-json\/wp\/v2\/pages\/583\/revisions"}],"predecessor-version":[{"id":693,"href":"https:\/\/www.greenandgoldenglish.es\/lp\/wp-json\/wp\/v2\/pages\/583\/revisions\/693"}],"wp:attachment":[{"href":"https:\/\/www.greenandgoldenglish.es\/lp\/wp-json\/wp\/v2\/media?parent=583"}],"curies":[{"name":"wp","href":"https:\/\/api.w.org\/{rel}","templated":true}]}}